{"id":12285,"date":"2023-05-21T14:50:40","date_gmt":"2023-05-21T14:50:40","guid":{"rendered":"https:\/\/wristbanditz.com\/datenschutzbestimmungen\/"},"modified":"2024-10-09T07:45:37","modified_gmt":"2024-10-09T07:45:37","slug":"datenschutzbestimmungen","status":"publish","type":"page","link":"https:\/\/wristbanditz.com\/de\/datenschutzbestimmungen\/","title":{"rendered":"Datenschutzbestimmungen"},"content":{"rendered":"\t\t<div data-elementor-type=\"wp-page\" data-elementor-id=\"12285\" class=\"elementor elementor-12285 elementor-805\" data-elementor-post-type=\"page\">\n\t\t\t\t\t\t<section class=\"elementor-section elementor-top-section elementor-element elementor-element-544cb4c elementor-section-boxed elementor-section-height-default elementor-section-height-default\" data-id=\"544cb4c\" data-element_type=\"section\" data-e-type=\"section\">\n\t\t\t\t\t\t<div class=\"elementor-container elementor-column-gap-default\">\n\t\t\t\t\t<div class=\"elementor-column elementor-col-100 elementor-top-column elementor-element elementor-element-4f55c22\" data-id=\"4f55c22\" data-element_type=\"column\" data-e-type=\"column\">\n\t\t\t<div class=\"elementor-widget-wrap elementor-element-populated\">\n\t\t\t\t\t\t<div class=\"elementor-element elementor-element-07bd966 elementor-widget elementor-widget-heading\" data-id=\"07bd966\" data-element_type=\"widget\" data-e-type=\"widget\" data-widget_type=\"heading.default\">\n\t\t\t\t<div class=\"elementor-widget-container\">\n\t\t\t\t\t<h1 class=\"elementor-heading-title elementor-size-default\">Datenschutzbestimmungen<\/h1>\t\t\t\t<\/div>\n\t\t\t\t<\/div>\n\t\t\t\t<div class=\"elementor-element elementor-element-c3e93dc elementor-widget elementor-widget-heading\" data-id=\"c3e93dc\" data-element_type=\"widget\" data-e-type=\"widget\" data-widget_type=\"heading.default\">\n\t\t\t\t<div class=\"elementor-widget-container\">\n\t\t\t\t\t<h2 class=\"elementor-heading-title elementor-size-default\">Allgemeine Bestimmungen<\/h2>\t\t\t\t<\/div>\n\t\t\t\t<\/div>\n\t\t\t\t<div class=\"elementor-element elementor-element-4626bd2 elementor-widget elementor-widget-text-editor\" data-id=\"4626bd2\" data-element_type=\"widget\" data-e-type=\"widget\" data-widget_type=\"text-editor.default\">\n\t\t\t\t<div class=\"elementor-widget-container\">\n\t\t\t\t\t\t\t\t\t<p>Wir verpflichten uns, die Privatsph\u00e4re aller unserer Kunden zu sch\u00fctzen.<br \/>\nDaher halten wir bei der Verarbeitung personenbezogener Daten stets die geltenden Datenschutzgesetze ein, insbesondere die EU-Datenschutzgrundverordnung (GDPR), das \u00f6sterreichische Datenschutzgesetz (DSG) und das \u00f6sterreichische Telekommunikationsgesetz (TKG 2003).   <\/p>\n<p>Wenn Sie unsere Website besuchen, werden Ihre IP-Adresse, der Beginn und das Ende der Sitzung f\u00fcr die Dauer dieser Sitzung aufgezeichnet.<br \/>\nDies ist technisch bedingt und stellt somit ein berechtigtes Interesse im Sinne von Art. 6 Abs. 1 lit. f GDPR dar.<br \/>\nSofern im Folgenden nicht anders geregelt, werden diese Daten von uns nicht verarbeitet.  <\/p>\n\t\t\t\t\t\t\t\t<\/div>\n\t\t\t\t<\/div>\n\t\t\t\t<div class=\"elementor-element elementor-element-af83e41 elementor-widget elementor-widget-heading\" data-id=\"af83e41\" data-element_type=\"widget\" data-e-type=\"widget\" data-widget_type=\"heading.default\">\n\t\t\t\t<div class=\"elementor-widget-container\">\n\t\t\t\t\t<h2 class=\"elementor-heading-title elementor-size-default\">Kontakt<\/h2>\t\t\t\t<\/div>\n\t\t\t\t<\/div>\n\t\t\t\t<div class=\"elementor-element elementor-element-545dee7 elementor-widget elementor-widget-text-editor\" data-id=\"545dee7\" data-element_type=\"widget\" data-e-type=\"widget\" data-widget_type=\"text-editor.default\">\n\t\t\t\t<div class=\"elementor-widget-container\">\n\t\t\t\t\t\t\t\t\t<p>Verantwortlich f\u00fcr die Datenverarbeitung<\/p>\n<p><strong>studio stf e.U.<\/strong><br \/>Stefanie Lischka<br \/><span style=\"text-decoration: underline;\"><a href=\"mailto:gdpr@wristbanditz.com\">gdpr@wristbanditz.com<\/a><\/span><\/p>\n\t\t\t\t\t\t\t\t<\/div>\n\t\t\t\t<\/div>\n\t\t\t\t<div class=\"elementor-element elementor-element-218cdef elementor-widget elementor-widget-heading\" data-id=\"218cdef\" data-element_type=\"widget\" data-e-type=\"widget\" data-widget_type=\"heading.default\">\n\t\t\t\t<div class=\"elementor-widget-container\">\n\t\t\t\t\t<h2 class=\"elementor-heading-title elementor-size-default\">Datenverarbeitung auf dieser Website  <\/h2>\t\t\t\t<\/div>\n\t\t\t\t<\/div>\n\t\t\t\t<div class=\"elementor-element elementor-element-fa1b0ce elementor-widget elementor-widget-text-editor\" data-id=\"fa1b0ce\" data-element_type=\"widget\" data-e-type=\"widget\" data-widget_type=\"text-editor.default\">\n\t\t\t\t<div class=\"elementor-widget-container\">\n\t\t\t\t\t\t\t\t\t<p>Pers\u00f6nliche Daten werden gesammelt, wenn Sie diese Website besuchen.<br \/>\nDaten \u00fcber Besucher der Website werden zu folgenden Zwecken gesammelt: <\/p>\n<ul>\n<li>Analyse der Nutzung unserer Website f\u00fcr die Marktforschung<\/li>\n<li>Anpassung der Website-Inhalte an die Interessen unserer Besucher<\/li>\n<li>Verbesserung der Benutzerfreundlichkeit und Vereinfachung der Nutzung der Website<\/li>\n<li>Remarketing von Besucheranfragen zur Bewerbung von Veranstaltungsarmb\u00e4ndern<\/li>\n<li>Gezielte Werbung f\u00fcr Nutzer, die sich f\u00fcr Veranstaltungsarmb\u00e4nder interessieren k\u00f6nnten<\/li>\n<\/ul>\n<div> <\/div>\n<p>Wenn Sie Brosch\u00fcren und Informationen bestellen oder unseren Newsletter abonnieren, speichern wir auch die Daten, die f\u00fcr die Abwicklung der Bestellung erforderlich sind.<\/p>\n<p>Die Verarbeitung Ihrer personenbezogenen Daten erfolgt auf der Grundlage Ihrer Zustimmung, die Sie jederzeit widerrufen k\u00f6nnen.<\/p>\n\t\t\t\t\t\t\t\t<\/div>\n\t\t\t\t<\/div>\n\t\t\t\t<div class=\"elementor-element elementor-element-cfd57c3 elementor-widget elementor-widget-heading\" data-id=\"cfd57c3\" data-element_type=\"widget\" data-e-type=\"widget\" data-widget_type=\"heading.default\">\n\t\t\t\t<div class=\"elementor-widget-container\">\n\t\t\t\t\t<h2 class=\"elementor-heading-title elementor-size-default\">Speicherung von Adressdaten f\u00fcr Bestellungen, Abonnements und Newsletter<\/h2>\t\t\t\t<\/div>\n\t\t\t\t<\/div>\n\t\t\t\t<div class=\"elementor-element elementor-element-1092fd1 elementor-widget elementor-widget-text-editor\" data-id=\"1092fd1\" data-element_type=\"widget\" data-e-type=\"widget\" data-widget_type=\"text-editor.default\">\n\t\t\t\t<div class=\"elementor-widget-container\">\n\t\t\t\t\t\t\t\t\t<p>Wenn Sie Brosch\u00fcren und Informationen anfordern, werden Ihre Daten gespeichert, damit wir Ihre Bestellung bearbeiten und erf\u00fcllen k\u00f6nnen.  <\/p>\n<p>Sie k\u00f6nnen sich auch daf\u00fcr entscheiden, k\u00fcnftig Einladungen und Informationen von uns zu erhalten.<br \/>\nWenn Sie diese Option w\u00e4hlen, speichern wir Ihre Daten laufend, damit wir Sie \u00fcber Angebote informieren k\u00f6nnen, die Sie interessieren k\u00f6nnten.<br \/>\nSie k\u00f6nnen Ihre Zustimmung hierzu auch jederzeit widerrufen.  <\/p>\n<p>Wenn Sie sich f\u00fcr unseren Newsletter anmelden, speichern wir Ihre E-Mail-Adresse, damit wir Ihnen den Newsletter zusenden k\u00f6nnen.<br \/>\nWir werden Ihre E-Mail-Adresse nicht f\u00fcr andere Zwecke verwenden oder an Dritte weitergeben.<br \/>\nSie k\u00f6nnen unseren Newsletter jederzeit wieder abbestellen und wir werden Ihre E-Mail-Adresse l\u00f6schen.  <\/p>\n<p>Wir werden die im Rahmen dieses Prozesses gesammelten Daten niemals dazu verwenden, individuelle Benutzerprofile zu erstellen oder das Surfverhalten der Benutzer zu verfolgen.<br \/>\nDiese Daten werden nur verwendet, um Ihre Anfragen zu erf\u00fcllen. <\/p>\n\t\t\t\t\t\t\t\t<\/div>\n\t\t\t\t<\/div>\n\t\t\t\t<div class=\"elementor-element elementor-element-ebcefbc elementor-widget elementor-widget-heading\" data-id=\"ebcefbc\" data-element_type=\"widget\" data-e-type=\"widget\" data-widget_type=\"heading.default\">\n\t\t\t\t<div class=\"elementor-widget-container\">\n\t\t\t\t\t<h2 class=\"elementor-heading-title elementor-size-default\">Cookies<\/h2>\t\t\t\t<\/div>\n\t\t\t\t<\/div>\n\t\t\t\t<div class=\"elementor-element elementor-element-bcb8c80 elementor-widget elementor-widget-text-editor\" data-id=\"bcb8c80\" data-element_type=\"widget\" data-e-type=\"widget\" data-widget_type=\"text-editor.default\">\n\t\t\t\t<div class=\"elementor-widget-container\">\n\t\t\t\t\t\t\t\t\t<p>Diese Website verwendet Cookies.<br \/>\nWir verwenden Cookies, um Inhalte und Anzeigen zu personalisieren, um Funktionen f\u00fcr soziale Medien bereitzustellen und um unseren Datenverkehr zu analysieren.<br \/>\nWir geben auch Informationen \u00fcber Ihre Nutzung unserer Website an unsere Partner f\u00fcr soziale Medien, Werbung und Analysen weiter, die diese mit anderen Informationen kombinieren k\u00f6nnen, die Sie ihnen zur Verf\u00fcgung gestellt haben oder die sie aus Ihrer Nutzung ihrer Dienste gesammelt haben.  <\/p>\n<p>Cookies sind kleine Textdateien, die von Websites verwendet werden k\u00f6nnen, um die Erfahrung eines Benutzers effizienter zu gestalten.<\/p>\n<p>Das Gesetz besagt, dass wir Cookies auf Ihrem Ger\u00e4t speichern d\u00fcrfen, wenn sie f\u00fcr den Betrieb dieser Website unbedingt erforderlich sind.<br \/>\nF\u00fcr alle anderen Arten von Cookies ben\u00f6tigen wir Ihre Zustimmung. <\/p>\n<p>Einige Cookies bleiben auf Ihrem Endger\u00e4t gespeichert, bis Sie sie l\u00f6schen.<br \/>\nSie erm\u00f6glichen es uns, Ihren Browser bei Ihrem n\u00e4chsten Besuch wiederzuerkennen.<br \/>\nWenn Sie dies nicht w\u00fcnschen, k\u00f6nnen Sie Ihren Browser so einstellen, dass er Sie \u00fcber das Setzen von Cookies informiert und Sie dies nur im Einzelfall erlauben.<br \/>\nWenn Sie Cookies deaktivieren, kann die Funktionalit\u00e4t unserer Website eingeschr\u00e4nkt sein.   <\/p>\n\t\t\t\t\t\t\t\t<\/div>\n\t\t\t\t<\/div>\n\t\t\t\t<div class=\"elementor-element elementor-element-b4b1d97 elementor-widget elementor-widget-heading\" data-id=\"b4b1d97\" data-element_type=\"widget\" data-e-type=\"widget\" data-widget_type=\"heading.default\">\n\t\t\t\t<div class=\"elementor-widget-container\">\n\t\t\t\t\t<h2 class=\"elementor-heading-title elementor-size-default\">Web-Analyse<\/h2>\t\t\t\t<\/div>\n\t\t\t\t<\/div>\n\t\t\t\t<div class=\"elementor-element elementor-element-d7c048e elementor-widget elementor-widget-text-editor\" data-id=\"d7c048e\" data-element_type=\"widget\" data-e-type=\"widget\" data-widget_type=\"text-editor.default\">\n\t\t\t\t<div class=\"elementor-widget-container\">\n\t\t\t\t\t\t\t\t\t<p>Unsere Website benutzt Funktionen des Webanalysedienstes Google Analytics, einem Webanalysedienst der Google Inc. mit Sitz in Mountain View, CA 94043 United States (&#8222;Google&#8220;).<br \/>\nZu diesem Zweck werden Cookies verwendet, die eine Analyse der Nutzung der Website durch Ihre Nutzer erm\u00f6glichen.<br \/>\nDie so erzeugten Informationen werden an den Server des Anbieters \u00fcbertragen und dort gespeichert.<br \/>\nSie k\u00f6nnen dies verhindern, indem Sie Ihren Browser so einstellen, dass keine Cookies gespeichert werden.<br \/>\nWir haben mit dem Anbieter einen entsprechenden Vertrag zur Auftragsdatenverarbeitung abgeschlossen.<br \/>Ihre IP-Adresse wird zwar erfasst, aber sofort pseudonymisiert (z.B. durch L\u00f6schen der letzten 8 Bits).<br \/>\nDadurch ist nur eine grobe Lokalisierung m\u00f6glich.<br \/>\nDie Beziehung mit dem Webanalyse-Anbieter basiert auf Standardvertragsklauseln.<br \/>\nDie Datenverarbeitung erfolgt auf der Grundlage der gesetzlichen Bestimmungen des \u00a7 96 Abs. 3 TKG und Art. 6 Abs. 1 lit a (Einwilligung) und\/oder f (berechtigtes Interesse) der GDPR.       <\/p>\n<p>Unsere Website nutzt auch Funktionen des CMS und Marketing-Automatisierungstools HubSpot Germany GmbH (&#8222;HubSpot&#8220;).<\/p>\n<p><span style=\"font-family: var( --e-global-typography-text-font-family ), serif, Sans-serif; font-size: var( --e-global-typography-text-font-size ); font-weight: var( --e-global-typography-text-font-weight ); letter-spacing: var( --e-global-typography-text-letter-spacing );\">Unser Anliegen im Sinne der GDPR (berechtigtes Interesse) ist die Verbesserung unseres Angebots und unserer Website.<br \/>\nDa uns die Privatsph\u00e4re unserer Nutzer wichtig ist, werden die Nutzerdaten pseudonymisiert.<br \/>\nDie Benutzerdaten werden bis auf Weiteres aufbewahrt.  <\/span><\/p>\n\t\t\t\t\t\t\t\t<\/div>\n\t\t\t\t<\/div>\n\t\t\t\t<div class=\"elementor-element elementor-element-11bc374 elementor-widget elementor-widget-heading\" data-id=\"11bc374\" data-element_type=\"widget\" data-e-type=\"widget\" data-widget_type=\"heading.default\">\n\t\t\t\t<div class=\"elementor-widget-container\">\n\t\t\t\t\t<h2 class=\"elementor-heading-title elementor-size-default\">\u00dcbermittlung von Daten an Dritte und Auftragsverarbeiter<\/h2>\t\t\t\t<\/div>\n\t\t\t\t<\/div>\n\t\t\t\t<div class=\"elementor-element elementor-element-341257b elementor-widget elementor-widget-text-editor\" data-id=\"341257b\" data-element_type=\"widget\" data-e-type=\"widget\" data-widget_type=\"text-editor.default\">\n\t\t\t\t<div class=\"elementor-widget-container\">\n\t\t\t\t\t\t\t\t\t<p>Wir verarbeiten Ihre Daten nicht ohne Ihre Zustimmung.<br \/>\nEine Weitergabe von Daten an Dritte erfolgt nur mit Ihrer Zustimmung und wenn dies zur Erf\u00fcllung Ihrer W\u00fcnsche und Anforderungen erforderlich ist.<br \/>\nDavon ausgenommen sind \u00dcbermittlungen von Daten, die f\u00fcr die Sicherheit unserer Website erforderlich sind, z.B. zum Schutz vor Hackerangriffen.  <\/p>\n<p>Bei allen Auftragsverarbeitern (Dienstleistern), an die Daten \u00fcbermittelt werden, handelt es sich um Unternehmen, die ausreichende Gew\u00e4hr f\u00fcr eine sichere, gesetzeskonforme Verwendung der Daten bieten.<br \/>\nGem\u00e4\u00df Artikel 28 GDPR werden mit allen Auftragsverarbeitern Vereinbarungen geschlossen, um sicherzustellen, dass alle Anforderungen an den Datenschutz und die Datensicherheit erf\u00fcllt werden. <\/p>\n\t\t\t\t\t\t\t\t<\/div>\n\t\t\t\t<\/div>\n\t\t\t\t<div class=\"elementor-element elementor-element-2e97c69 elementor-widget elementor-widget-heading\" data-id=\"2e97c69\" data-element_type=\"widget\" data-e-type=\"widget\" data-widget_type=\"heading.default\">\n\t\t\t\t<div class=\"elementor-widget-container\">\n\t\t\t\t\t<h2 class=\"elementor-heading-title elementor-size-default\">Dauer der Datenspeicherung<\/h2>\t\t\t\t<\/div>\n\t\t\t\t<\/div>\n\t\t\t\t<div class=\"elementor-element elementor-element-4c5bd5f elementor-widget elementor-widget-text-editor\" data-id=\"4c5bd5f\" data-element_type=\"widget\" data-e-type=\"widget\" data-widget_type=\"text-editor.default\">\n\t\t\t\t<div class=\"elementor-widget-container\">\n\t\t\t\t\t\t\t\t\t<p>Daten, die wir auf der Grundlage Ihrer Zustimmung verarbeiten, werden gespeichert, bis Sie Ihre Zustimmung zur\u00fcckziehen.<br \/>\nCookies werden bis zum Ende ihrer Lebensdauer gespeichert, es sei denn, Sie l\u00f6schen sie fr\u00fcher.<br \/>\nIn allen anderen F\u00e4llen werden Ihre personenbezogenen Daten bis zum Ende der gesetzlich vorgeschriebenen Aufbewahrungsfristen gespeichert.<br \/>\nSoweit wir Daten aufbewahren m\u00fcssen, um uns gegen Rechtsanspr\u00fcche zu sch\u00fctzen, werden diese Daten bis zum Ende der gesetzlichen Verj\u00e4hrungsfristen (in der Regel drei Jahre) gespeichert.   <\/p>\n\t\t\t\t\t\t\t\t<\/div>\n\t\t\t\t<\/div>\n\t\t\t\t<div class=\"elementor-element elementor-element-aa64b2a elementor-widget elementor-widget-heading\" data-id=\"aa64b2a\" data-element_type=\"widget\" data-e-type=\"widget\" data-widget_type=\"heading.default\">\n\t\t\t\t<div class=\"elementor-widget-container\">\n\t\t\t\t\t<h2 class=\"elementor-heading-title elementor-size-default\">Rechte der betroffenen Person<\/h2>\t\t\t\t<\/div>\n\t\t\t\t<\/div>\n\t\t\t\t<div class=\"elementor-element elementor-element-d578ed8 elementor-widget elementor-widget-text-editor\" data-id=\"d578ed8\" data-element_type=\"widget\" data-e-type=\"widget\" data-widget_type=\"text-editor.default\">\n\t\t\t\t<div class=\"elementor-widget-container\">\n\t\t\t\t\t\t\t\t\t<p>Sie k\u00f6nnen Ihre Zustimmung jederzeit widerrufen.<br \/>\nBitte nutzen Sie die daf\u00fcr vorgesehenen technischen M\u00f6glichkeiten.<br \/>\nSie k\u00f6nnen uns auch \u00fcber die oben angegebenen Adressen kontaktieren.  <\/p>\n<p>Sie k\u00f6nnen diese Kontaktadressen jederzeit verwenden, um<\/p>\n<ul>\n<li>Auskunft \u00fcber die \u00fcber Sie gespeicherten Daten zu verlangen<\/li>\n<li>die Berichtigung, L\u00f6schung oder Einschr\u00e4nkung der Verarbeitung der gespeicherten Daten zu verlangen<\/li>\n<li>Ihr Recht auf Daten\u00fcbertragbarkeit gem\u00e4\u00df dem Datenschutzgesetz auszu\u00fcben<\/li>\n<\/ul>\n<div> <\/div>\n<p>Sie haben jederzeit das Recht, der Verarbeitung Ihrer personenbezogenen Daten f\u00fcr Direktmarketing zu widersprechen.<br \/>\nWenn wir Ihre Daten auf der Grundlage unserer \u00fcberwiegenden berechtigten Interessen verarbeiten, k\u00f6nnen Sie der Verarbeitung aus Gr\u00fcnden widersprechen, die sich auf Ihre besondere Situation beziehen. <\/p>\n\t\t\t\t\t\t\t\t<\/div>\n\t\t\t\t<\/div>\n\t\t\t\t\t<\/div>\n\t\t<\/div>\n\t\t\t\t\t<\/div>\n\t\t<\/section>\n\t\t\t\t<\/div>\n\t\t","protected":false},"excerpt":{"rendered":"<p>Datenschutzbestimmungen Allgemeine Bestimmungen Wir verpflichten uns, die Privatsph?re aller unserer Kunden zu sch?tzen. Daher halten wir bei der Verarbeitung personenbezogener Daten stets die geltenden Datenschutzgesetze ein, insbesondere die EU-Datenschutzgrundverordnung (GDPR), das ?sterreichische Datenschutzgesetz (DSG) und das ?sterreichische Telekommunikationsgesetz (TKG 2003). Wenn Sie unsere Website besuchen, werden Ihre IP-Adresse, der Beginn und das Ende der Sitzung [&hellip;]<\/p>\n","protected":false},"author":1,"featured_media":0,"parent":0,"menu_order":0,"comment_status":"closed","ping_status":"closed","template":"","meta":{"content-type":"","footnotes":""},"class_list":["post-12285","page","type-page","status-publish","hentry"],"_links":{"self":[{"href":"https:\/\/wristbanditz.com\/de\/wp-json\/wp\/v2\/pages\/12285","targetHints":{"allow":["GET"]}}],"collection":[{"href":"https:\/\/wristbanditz.com\/de\/wp-json\/wp\/v2\/pages"}],"about":[{"href":"https:\/\/wristbanditz.com\/de\/wp-json\/wp\/v2\/types\/page"}],"author":[{"embeddable":true,"href":"https:\/\/wristbanditz.com\/de\/wp-json\/wp\/v2\/users\/1"}],"replies":[{"embeddable":true,"href":"https:\/\/wristbanditz.com\/de\/wp-json\/wp\/v2\/comments?post=12285"}],"version-history":[{"count":5,"href":"https:\/\/wristbanditz.com\/de\/wp-json\/wp\/v2\/pages\/12285\/revisions"}],"predecessor-version":[{"id":12917,"href":"https:\/\/wristbanditz.com\/de\/wp-json\/wp\/v2\/pages\/12285\/revisions\/12917"}],"wp:attachment":[{"href":"https:\/\/wristbanditz.com\/de\/wp-json\/wp\/v2\/media?parent=12285"}],"curies":[{"name":"wp","href":"https:\/\/api.w.org\/{rel}","templated":true}]}}