{"id":14460,"date":"2026-03-09T18:32:06","date_gmt":"2026-03-09T18:32:06","guid":{"rendered":"https:\/\/wristbanditz.com\/networking-upgrade\/"},"modified":"2026-05-03T13:40:18","modified_gmt":"2026-05-03T13:40:18","slug":"sheconomy-upgrade","status":"publish","type":"page","link":"https:\/\/wristbanditz.com\/de\/sheconomy-upgrade\/","title":{"rendered":"Sheconomy digitale Visitenkarte Upgrade"},"content":{"rendered":"\t\t<div data-elementor-type=\"wp-page\" data-elementor-id=\"14460\" class=\"elementor elementor-14460 elementor-14446\" data-elementor-post-type=\"page\">\n\t\t\t\t\t\t<section class=\"elementor-section elementor-top-section elementor-element elementor-element-1523e57 elementor-section-boxed elementor-section-height-default elementor-section-height-default\" data-id=\"1523e57\" data-element_type=\"section\" data-e-type=\"section\" data-settings=\"{&quot;background_background&quot;:&quot;classic&quot;}\">\n\t\t\t\t\t\t<div class=\"elementor-container elementor-column-gap-custom\">\n\t\t\t\t\t<div class=\"elementor-column elementor-col-50 elementor-top-column elementor-element elementor-element-1745e436\" data-id=\"1745e436\" data-element_type=\"column\" data-e-type=\"column\">\n\t\t\t<div class=\"elementor-widget-wrap elementor-element-populated\">\n\t\t\t\t\t\t<div class=\"elementor-element elementor-element-82917d1 elementor-widget elementor-widget-heading\" data-id=\"82917d1\" data-element_type=\"widget\" data-e-type=\"widget\" data-widget_type=\"heading.default\">\n\t\t\t\t<div class=\"elementor-widget-container\">\n\t\t\t\t\t<h3 class=\"elementor-heading-title elementor-size-default\">Die Sheconomy digitale Visitenkarte<\/h3>\t\t\t\t<\/div>\n\t\t\t\t<\/div>\n\t\t\t\t<div class=\"elementor-element elementor-element-348e4b9e elementor-widget elementor-widget-heading\" data-id=\"348e4b9e\" data-element_type=\"widget\" data-e-type=\"widget\" data-widget_type=\"heading.default\">\n\t\t\t\t<div class=\"elementor-widget-container\">\n\t\t\t\t\t<h1 class=\"elementor-heading-title elementor-size-default\">Dein Schl\u00fcssel zu smartem und elegantem Netzwerken<\/h1>\t\t\t\t<\/div>\n\t\t\t\t<\/div>\n\t\t\t\t<div class=\"elementor-element elementor-element-5b789ace elementor-widget elementor-widget-text-editor\" data-id=\"5b789ace\" data-element_type=\"widget\" data-e-type=\"widget\" data-widget_type=\"text-editor.default\">\n\t\t\t\t<div class=\"elementor-widget-container\">\n\t\t\t\t\t\t\t\t\t<p>Sch\u00f6n, dass dein neues <a href=\"https:\/\/sheconomy.media\" target=\"_blank\" rel=\"noopener\">Sheconomy<\/a> Armband auch nach dem Event noch an deinem Handgelenk gl\u00e4nzt. Genau wie du ist es stylisch und voller Pers\u00f6nlichkeit. Und ab heute auch noch smart! <\/p><p><strong>Wie funktioniert das Upgrade?<\/strong><\/p><p>Teile uns die URL zu deinem <a href=\"https:\/\/linkedin.com\" target=\"_blank\" rel=\"noopener\">LinkedIn<\/a>-, <a href=\"https:\/\/instagram.com\" target=\"_blank\" rel=\"noopener\">Instagram<\/a>&#8211; oder digitalen Visitenkarten-Profil mit. Wir schicken dir ein cleveres NFC Add-on per Post, das du an deinem neuen <a href=\"https:\/\/wristbanditz.com\/de\/vegane-leder-armbander\/\">Armband aus veganem Leder<\/a> befestigen kannst, und schon wird daraus ein stilvoller Begleiter f\u00fcr pfiffiges Networking. Hinterlasse unten deine Kontaktdaten. <\/p>\t\t\t\t\t\t\t\t<\/div>\n\t\t\t\t<\/div>\n\t\t\t\t<div class=\"elementor-element elementor-element-472306e2 elementor-button-align-start elementor-widget elementor-widget-form\" data-id=\"472306e2\" data-element_type=\"widget\" data-e-type=\"widget\" data-settings=\"{&quot;step_next_label&quot;:&quot;N\\u00e4chste&quot;,&quot;step_previous_label&quot;:&quot;Vorherige&quot;,&quot;button_width&quot;:&quot;100&quot;,&quot;step_type&quot;:&quot;number_text&quot;,&quot;step_icon_shape&quot;:&quot;circle&quot;}\" data-widget_type=\"form.default\">\n\t\t\t\t<div class=\"elementor-widget-container\">\n\t\t\t\t\t\t\t<form class=\"elementor-form\" method=\"post\" name=\"Sheconomy Upgrade\" aria-label=\"Sheconomy Upgrade\">\n\t\t\t<input type=\"hidden\" name=\"post_id\" value=\"14460\"\/>\n\t\t\t<input type=\"hidden\" name=\"form_id\" value=\"472306e2\"\/>\n\t\t\t<input type=\"hidden\" name=\"referer_title\" value=\"Mehr Wirkung mit der digitalen Visitenkarte von Sheconomy\" \/>\n\n\t\t\t\t\t\t\t<input type=\"hidden\" name=\"queried_id\" value=\"14460\"\/>\n\t\t\t\n\t\t\t<div class=\"elementor-form-fields-wrapper elementor-labels-\">\n\t\t\t\t\t\t\t\t<div class=\"elementor-field-type-text elementor-field-group elementor-column elementor-field-group-name elementor-col-100 elementor-field-required\">\n\t\t\t\t\t\t\t\t\t\t\t\t<label for=\"form-field-name\" class=\"elementor-field-label elementor-screen-only\">\n\t\t\t\t\t\t\t\tVorname\t\t\t\t\t\t\t<\/label>\n\t\t\t\t\t\t\t\t\t\t\t\t\t\t<input size=\"1\" type=\"text\" name=\"form_fields[name]\" id=\"form-field-name\" class=\"elementor-field elementor-size-xs  elementor-field-textual\" placeholder=\"VORNAME*\" required=\"required\">\n\t\t\t\t\t\t\t\t\t\t\t<\/div>\n\t\t\t\t\t\t\t\t<div class=\"elementor-field-type-text elementor-field-group elementor-column elementor-field-group-field_9989196 elementor-col-100 elementor-field-required\">\n\t\t\t\t\t\t\t\t\t\t\t\t<label for=\"form-field-field_9989196\" class=\"elementor-field-label elementor-screen-only\">\n\t\t\t\t\t\t\t\tNachname\t\t\t\t\t\t\t<\/label>\n\t\t\t\t\t\t\t\t\t\t\t\t\t\t<input size=\"1\" type=\"text\" name=\"form_fields[field_9989196]\" id=\"form-field-field_9989196\" class=\"elementor-field elementor-size-xs  elementor-field-textual\" placeholder=\"NACHNAME*\" required=\"required\">\n\t\t\t\t\t\t\t\t\t\t\t<\/div>\n\t\t\t\t\t\t\t\t<div class=\"elementor-field-type-select elementor-field-group elementor-column elementor-field-group-field_c4cebdc elementor-col-100 elementor-field-required\">\n\t\t\t\t\t\t\t\t\t\t\t\t<label for=\"form-field-field_c4cebdc\" class=\"elementor-field-label elementor-screen-only\">\n\t\t\t\t\t\t\t\tHast du ein Armband bekommen\t\t\t\t\t\t\t<\/label>\n\t\t\t\t\t\t\t\t<div class=\"elementor-field elementor-select-wrapper remove-before \">\n\t\t\t<div class=\"select-caret-down-wrapper\">\n\t\t\t\t<i aria-hidden=\"true\" class=\"eicon-caret-down\"><\/i>\t\t\t<\/div>\n\t\t\t<select name=\"form_fields[field_c4cebdc]\" id=\"form-field-field_c4cebdc\" class=\"elementor-field-textual elementor-size-xs\" required=\"required\">\n\t\t\t\t\t\t\t\t\t<option value=\"HAST DU BEREITS EIN SHECONOMY WRISTBANDITZ?*\">HAST DU BEREITS EIN SHECONOMY WRISTBANDITZ?*<\/option>\n\t\t\t\t\t\t\t\t\t<option value=\"JA\">JA<\/option>\n\t\t\t\t\t\t\t\t\t<option value=\"NEIN\">NEIN<\/option>\n\t\t\t\t\t\t\t<\/select>\n\t\t<\/div>\n\t\t\t\t\t\t<\/div>\n\t\t\t\t\t\t\t\t<div class=\"elementor-field-type-text elementor-field-group elementor-column elementor-field-group-field_cc4c9f4 elementor-col-100 elementor-field-required\">\n\t\t\t\t\t\t\t\t\t\t\t\t<label for=\"form-field-field_cc4c9f4\" class=\"elementor-field-label elementor-screen-only\">\n\t\t\t\t\t\t\t\tLinkedin URL\t\t\t\t\t\t\t<\/label>\n\t\t\t\t\t\t\t\t\t\t\t\t\t\t<input size=\"1\" type=\"text\" name=\"form_fields[field_cc4c9f4]\" id=\"form-field-field_cc4c9f4\" class=\"elementor-field elementor-size-xs  elementor-field-textual\" placeholder=\"URL DEINES LINKEDIN PROFILS ODER DEINER DIGITALEN VISITENKARTE*\" required=\"required\">\n\t\t\t\t\t\t\t\t\t\t\t<\/div>\n\t\t\t\t\t\t\t\t<div class=\"elementor-field-type-text elementor-field-group elementor-column elementor-field-group-field_9e6b031 elementor-col-100 elementor-field-required\">\n\t\t\t\t\t\t\t\t\t\t\t\t<label for=\"form-field-field_9e6b031\" class=\"elementor-field-label elementor-screen-only\">\n\t\t\t\t\t\t\t\tVersandadresse\t\t\t\t\t\t\t<\/label>\n\t\t\t\t\t\t\t\t\t\t\t\t\t\t<input size=\"1\" type=\"text\" name=\"form_fields[field_9e6b031]\" id=\"form-field-field_9e6b031\" class=\"elementor-field elementor-size-xs  elementor-field-textual\" placeholder=\"VERSANDADRESSE*\" required=\"required\">\n\t\t\t\t\t\t\t\t\t\t\t<\/div>\n\t\t\t\t\t\t\t\t<div class=\"elementor-field-type-email elementor-field-group elementor-column elementor-field-group-email elementor-col-100 elementor-field-required\">\n\t\t\t\t\t\t\t\t\t\t\t\t<label for=\"form-field-email\" class=\"elementor-field-label elementor-screen-only\">\n\t\t\t\t\t\t\t\tE-Mail\t\t\t\t\t\t\t<\/label>\n\t\t\t\t\t\t\t\t\t\t\t\t\t\t<input size=\"1\" type=\"email\" name=\"form_fields[email]\" id=\"form-field-email\" class=\"elementor-field elementor-size-xs  elementor-field-textual\" placeholder=\"EMAIL*\" required=\"required\">\n\t\t\t\t\t\t\t\t\t\t\t<\/div>\n\t\t\t\t\t\t\t\t<div class=\"elementor-field-type-acceptance elementor-field-group elementor-column elementor-field-group-field_ff8d27a elementor-col-100 elementor-field-required\">\n\t\t\t\t\t\t\t\t\t\t\t\t<label for=\"form-field-field_ff8d27a\" class=\"elementor-field-label elementor-screen-only\">\n\t\t\t\t\t\t\t\tDsgvo-Zustimmung\t\t\t\t\t\t\t<\/label>\n\t\t\t\t\t\t\t\t<div class=\"elementor-field-subgroup\">\n\t\t\t<span class=\"elementor-field-option\">\n\t\t\t\t<input type=\"checkbox\" name=\"form_fields[field_ff8d27a]\" id=\"form-field-field_ff8d27a\" class=\"elementor-field elementor-size-xs  elementor-acceptance-field\" required=\"required\">\n\t\t\t\t<label for=\"form-field-field_ff8d27a\">Ich erkl\u00e4re mich damit einverstanden, dass Wristbanditz die zur Verf\u00fcgung gestellten Informationen verwendet, um mich f\u00fcr diese Werbeaktion und zuk\u00fcnftige Marketingaktivit\u00e4ten zu kontaktieren. Diese Beziehung ist kostenlos und unverbindlich. Auf Wunsch machen wir auch Schluss mit dir. Unsere Datenschutzbestimmungen findest du <u><a href=\"https:\/\/wristbanditz.com\/de\/datenschutzbestimmungen\/\">hier<\/a><\/u>.   <\/label>\t\t\t<\/span>\n\t\t<\/div>\n\t\t\t\t\t\t<\/div>\n\t\t\t\t\t\t\t\t<div class=\"elementor-field-group elementor-column elementor-field-type-submit elementor-col-100 e-form__buttons\">\n\t\t\t\t\t<button class=\"elementor-button elementor-size-sm\" type=\"submit\">\n\t\t\t\t\t\t<span class=\"elementor-button-content-wrapper\">\n\t\t\t\t\t\t\t\t\t\t\t\t\t\t\t\t\t\t\t\t\t\t<span class=\"elementor-button-text\">abschicken<\/span>\n\t\t\t\t\t\t\t\t\t\t\t\t\t<\/span>\n\t\t\t\t\t<\/button>\n\t\t\t\t<\/div>\n\t\t\t<\/div>\n\t\t<\/form>\n\t\t\t\t\t\t<\/div>\n\t\t\t\t<\/div>\n\t\t\t\t<div class=\"elementor-element elementor-element-8d73cd6 elementor-widget elementor-widget-text-editor\" data-id=\"8d73cd6\" data-element_type=\"widget\" data-e-type=\"widget\" data-widget_type=\"text-editor.default\">\n\t\t\t\t<div class=\"elementor-widget-container\">\n\t\t\t\t\t\t\t\t\t<p>Starte dein eigenes Projekt <span style=\"text-decoration: underline;\"><a href=\"https:\/\/wristbanditz.com\/vegan-leather-wristbands\/\">hier<\/a><\/span>.<\/p>\t\t\t\t\t\t\t\t<\/div>\n\t\t\t\t<\/div>\n\t\t\t\t\t<\/div>\n\t\t<\/div>\n\t\t\t\t<div class=\"elementor-column elementor-col-50 elementor-top-column elementor-element elementor-element-45fe0d9\" data-id=\"45fe0d9\" data-element_type=\"column\" data-e-type=\"column\">\n\t\t\t<div class=\"elementor-widget-wrap elementor-element-populated\">\n\t\t\t\t\t\t<div class=\"elementor-element elementor-element-214ceca4 elementor-widget elementor-widget-image\" data-id=\"214ceca4\" data-element_type=\"widget\" data-e-type=\"widget\" data-widget_type=\"image.default\">\n\t\t\t\t<div class=\"elementor-widget-container\">\n\t\t\t\t\t\t\t\t\t\t\t\t\t\t\t<img fetchpriority=\"high\" decoding=\"async\" width=\"500\" height=\"500\" src=\"https:\/\/wristbanditz.com\/wp-content\/uploads\/2026\/03\/Wristbanditz-rosegold-high.png\" class=\"attachment-full size-full wp-image-14455\" alt=\"Ros\u00e9goldene Arb\u00e4nder mit Pr\u00e4gung What Are You Waiting For\" srcset=\"https:\/\/wristbanditz.com\/wp-content\/uploads\/2026\/03\/Wristbanditz-rosegold-high.png 500w, https:\/\/wristbanditz.com\/wp-content\/uploads\/2026\/03\/Wristbanditz-rosegold-high-300x300.png 300w, https:\/\/wristbanditz.com\/wp-content\/uploads\/2026\/03\/Wristbanditz-rosegold-high-150x150.png 150w, https:\/\/wristbanditz.com\/wp-content\/uploads\/2026\/03\/Wristbanditz-rosegold-high-100x100.png 100w\" sizes=\"(max-width: 500px) 100vw, 500px\" \/>\t\t\t\t\t\t\t\t\t\t\t\t\t\t\t<\/div>\n\t\t\t\t<\/div>\n\t\t\t\t\t<\/div>\n\t\t<\/div>\n\t\t\t\t\t<\/div>\n\t\t<\/section>\n\t\t\t\t<\/div>\n\t\t","protected":false},"excerpt":{"rendered":"<p>Die Sheconomy digitale Visitenkarte Dein Schl\u00fcssel zu smartem und elegantem Netzwerken Sch\u00f6n, dass dein neues Sheconomy Armband auch nach dem Event noch an deinem Handgelenk gl\u00e4nzt. Genau wie du ist es stylisch und voller Pers\u00f6nlichkeit. Und ab heute auch noch smart! Wie funktioniert das Upgrade? Teile uns die URL zu deinem LinkedIn-, Instagram&#8211; oder digitalen [&hellip;]<\/p>\n","protected":false},"author":1,"featured_media":15280,"parent":0,"menu_order":0,"comment_status":"closed","ping_status":"closed","template":"","meta":{"content-type":"","footnotes":""},"class_list":["post-14460","page","type-page","status-publish","has-post-thumbnail","hentry"],"_links":{"self":[{"href":"https:\/\/wristbanditz.com\/de\/wp-json\/wp\/v2\/pages\/14460","targetHints":{"allow":["GET"]}}],"collection":[{"href":"https:\/\/wristbanditz.com\/de\/wp-json\/wp\/v2\/pages"}],"about":[{"href":"https:\/\/wristbanditz.com\/de\/wp-json\/wp\/v2\/types\/page"}],"author":[{"embeddable":true,"href":"https:\/\/wristbanditz.com\/de\/wp-json\/wp\/v2\/users\/1"}],"replies":[{"embeddable":true,"href":"https:\/\/wristbanditz.com\/de\/wp-json\/wp\/v2\/comments?post=14460"}],"version-history":[{"count":25,"href":"https:\/\/wristbanditz.com\/de\/wp-json\/wp\/v2\/pages\/14460\/revisions"}],"predecessor-version":[{"id":15934,"href":"https:\/\/wristbanditz.com\/de\/wp-json\/wp\/v2\/pages\/14460\/revisions\/15934"}],"wp:featuredmedia":[{"embeddable":true,"href":"https:\/\/wristbanditz.com\/de\/wp-json\/wp\/v2\/media\/15280"}],"wp:attachment":[{"href":"https:\/\/wristbanditz.com\/de\/wp-json\/wp\/v2\/media?parent=14460"}],"curies":[{"name":"wp","href":"https:\/\/api.w.org\/{rel}","templated":true}]}}