{"id":14928,"date":"2026-03-16T21:32:52","date_gmt":"2026-03-16T21:32:52","guid":{"rendered":"https:\/\/wristbanditz.com\/sheconomy-upgrade-erfolg\/"},"modified":"2026-03-23T15:21:00","modified_gmt":"2026-03-23T15:21:00","slug":"sheconomy-upgrade-erfolg","status":"publish","type":"page","link":"https:\/\/wristbanditz.com\/de\/sheconomy-upgrade-erfolg\/","title":{"rendered":"Sheconomy-Upgrade-Erfolg"},"content":{"rendered":"\t\t<div data-elementor-type=\"wp-page\" data-elementor-id=\"14928\" class=\"elementor elementor-14928 elementor-14915\" data-elementor-post-type=\"page\">\n\t\t\t\t\t\t<section class=\"elementor-section elementor-top-section elementor-element elementor-element-27c82ef7 elementor-section-height-min-height elementor-section-boxed elementor-section-height-default elementor-section-items-middle\" data-id=\"27c82ef7\" data-element_type=\"section\" data-e-type=\"section\" data-settings=\"{&quot;background_background&quot;:&quot;classic&quot;}\">\n\t\t\t\t\t\t<div class=\"elementor-container elementor-column-gap-custom\">\n\t\t\t\t\t<div class=\"elementor-column elementor-col-50 elementor-top-column elementor-element elementor-element-7d0a2a76\" data-id=\"7d0a2a76\" data-element_type=\"column\" data-e-type=\"column\">\n\t\t\t<div class=\"elementor-widget-wrap elementor-element-populated\">\n\t\t\t\t\t\t<div class=\"elementor-element elementor-element-2f3eadc6 elementor-widget elementor-widget-heading\" data-id=\"2f3eadc6\" data-element_type=\"widget\" data-e-type=\"widget\" data-widget_type=\"heading.default\">\n\t\t\t\t<div class=\"elementor-widget-container\">\n\t\t\t\t\t<h2 class=\"elementor-heading-title elementor-size-default\">Upgrade Ahoi!<\/h2>\t\t\t\t<\/div>\n\t\t\t\t<\/div>\n\t\t\t\t<div class=\"elementor-element elementor-element-13e38607 elementor-widget elementor-widget-text-editor\" data-id=\"13e38607\" data-element_type=\"widget\" data-e-type=\"widget\" data-widget_type=\"text-editor.default\">\n\t\t\t\t<div class=\"elementor-widget-container\">\n\t\t\t\t\t\t\t\t\t<p><strong>Vielen Dank, f\u00fcr die \u00dcbermittlung deiner Kontaktdaten<\/strong><\/p><p>Wir k\u00fcmmern uns um deine Anfrage und werden uns in K\u00fcrze melden. <\/p><p>Du hast Fragen? <span style=\"text-decoration: underline;\"><a href=\"mailto:hello@wristbanditz.com\">Kontaktiere uns<\/a><\/span> einfach.<\/p>\t\t\t\t\t\t\t\t<\/div>\n\t\t\t\t<\/div>\n\t\t\t\t\t<\/div>\n\t\t<\/div>\n\t\t\t\t<div class=\"elementor-column elementor-col-50 elementor-top-column elementor-element elementor-element-3787518f\" data-id=\"3787518f\" data-element_type=\"column\" data-e-type=\"column\">\n\t\t\t<div class=\"elementor-widget-wrap elementor-element-populated\">\n\t\t\t\t\t\t<div class=\"elementor-element elementor-element-712ee5a1 elementor-widget elementor-widget-image\" data-id=\"712ee5a1\" data-element_type=\"widget\" data-e-type=\"widget\" data-widget_type=\"image.default\">\n\t\t\t\t<div class=\"elementor-widget-container\">\n\t\t\t\t\t\t\t\t\t\t\t\t\t\t\t<img fetchpriority=\"high\" decoding=\"async\" width=\"392\" height=\"449\" src=\"https:\/\/wristbanditz.com\/wp-content\/uploads\/2024\/06\/wristbanditz-bold-unconference-3.jpg\" class=\"attachment-full size-full wp-image-12009\" alt=\"\" srcset=\"https:\/\/wristbanditz.com\/wp-content\/uploads\/2024\/06\/wristbanditz-bold-unconference-3.jpg 392w, https:\/\/wristbanditz.com\/wp-content\/uploads\/2024\/06\/wristbanditz-bold-unconference-3-262x300.jpg 262w\" sizes=\"(max-width: 392px) 100vw, 392px\" \/>\t\t\t\t\t\t\t\t\t\t\t\t\t\t\t<\/div>\n\t\t\t\t<\/div>\n\t\t\t\t\t<\/div>\n\t\t<\/div>\n\t\t\t\t\t<\/div>\n\t\t<\/section>\n\t\t\t\t<\/div>\n\t\t","protected":false},"excerpt":{"rendered":"<p>Upgrade Ahoi! Vielen Dank, f\u00fcr die \u00dcbermittlung deiner Kontaktdaten Wir k\u00fcmmern uns um deine Anfrage und werden uns in K\u00fcrze melden. Du hast Fragen? Kontaktiere uns einfach.<\/p>\n","protected":false},"author":1,"featured_media":0,"parent":0,"menu_order":0,"comment_status":"closed","ping_status":"closed","template":"","meta":{"content-type":"","footnotes":""},"class_list":["post-14928","page","type-page","status-publish","hentry"],"_links":{"self":[{"href":"https:\/\/wristbanditz.com\/de\/wp-json\/wp\/v2\/pages\/14928","targetHints":{"allow":["GET"]}}],"collection":[{"href":"https:\/\/wristbanditz.com\/de\/wp-json\/wp\/v2\/pages"}],"about":[{"href":"https:\/\/wristbanditz.com\/de\/wp-json\/wp\/v2\/types\/page"}],"author":[{"embeddable":true,"href":"https:\/\/wristbanditz.com\/de\/wp-json\/wp\/v2\/users\/1"}],"replies":[{"embeddable":true,"href":"https:\/\/wristbanditz.com\/de\/wp-json\/wp\/v2\/comments?post=14928"}],"version-history":[{"count":5,"href":"https:\/\/wristbanditz.com\/de\/wp-json\/wp\/v2\/pages\/14928\/revisions"}],"predecessor-version":[{"id":15315,"href":"https:\/\/wristbanditz.com\/de\/wp-json\/wp\/v2\/pages\/14928\/revisions\/15315"}],"wp:attachment":[{"href":"https:\/\/wristbanditz.com\/de\/wp-json\/wp\/v2\/media?parent=14928"}],"curies":[{"name":"wp","href":"https:\/\/api.w.org\/{rel}","templated":true}]}}