{"id":15617,"date":"2026-04-17T13:22:21","date_gmt":"2026-04-17T13:22:21","guid":{"rendered":"https:\/\/wristbanditz.com\/?post_type=product&#038;p=15617"},"modified":"2026-04-19T12:44:49","modified_gmt":"2026-04-19T12:44:49","slug":"lead-from-the-heart","status":"publish","type":"product","link":"https:\/\/wristbanditz.com\/de\/shop\/lead-from-the-heart\/","title":{"rendered":"Lead From The Heart"},"content":{"rendered":"<p>Diese limitierte Edition ist in Zusammenarbeit mit der Expertin f\u00fcr organisationale Kulturtransformation <a href=\"https:\/\/cultureaccelerator.at\" target=\"_blank\" rel=\"noopener\">Nicole Rimser<\/a> entstanden. Sie richtet sich an alle, die sich von der Botschaft Lead From The Heart angesprochen f\u00fchlen und sie auf besondere Weise mit ihrem Team oder Freundeskreis teilen m\u00f6chten.<\/p>\n<p>Nicole antwortet auf Umbruch nicht mit weiteren Tools f\u00fcr F\u00fchrungskr\u00e4fte, sondern einem Weckruf: Lead from the Heart! Mehr dazu im <span style=\"text-decoration: underline;\"><a href=\"https:\/\/wristbanditz.com\/de\/nicole-rimser-interview\/\">Interview<\/a><\/span>&#8230;<\/p>\n<p><strong>Verpackungseinheit<\/strong>: 10 Stk, Lieferung mit violettem Verpackungsfolder<br \/>\n<strong>Gr\u00f6\u00dfe<\/strong>: Medium, verstellbar mit 2 Druckkn\u00f6pfen (18 \/ 19.5cm)<br \/>\n<strong>Material &amp; Pfle<\/strong>ge: Veganes Leder, kann vorsichtig mit milder Seife abgesp\u00fclt werden<br \/>\n<strong>Herstellung<\/strong>: Made in Germany &amp; Vienna<\/p>\n","protected":false},"excerpt":{"rendered":"<p>Diese limitierte Edition ist in Zusammenarbeit mit der Expertin f\u00fcr organisationale Kulturtransformation Nicole Rimser entstanden. Sie richtet sich an alle, die sich von der Botschaft Lead From The Heart angesprochen f\u00fchlen und sie auf besondere Weise mit ihrem Team oder Freundeskreis teilen m\u00f6chten. Nicole antwortet auf Umbruch nicht mit weiteren Tools f\u00fcr F\u00fchrungskr\u00e4fte, sondern einem [&hellip;]<\/p>\n","protected":false},"featured_media":15645,"template":"","meta":{"content-type":""},"product_cat":[71],"product_tag":[],"class_list":{"0":"post-15617","1":"product","2":"type-product","3":"status-publish","4":"has-post-thumbnail","6":"product_cat-unkategorisiert","8":"first","9":"instock","10":"taxable","11":"shipping-taxable","12":"purchasable","13":"product-type-variable","14":"has-default-attributes"},"_links":{"self":[{"href":"https:\/\/wristbanditz.com\/de\/wp-json\/wp\/v2\/product\/15617","targetHints":{"allow":["GET"]}}],"collection":[{"href":"https:\/\/wristbanditz.com\/de\/wp-json\/wp\/v2\/product"}],"about":[{"href":"https:\/\/wristbanditz.com\/de\/wp-json\/wp\/v2\/types\/product"}],"wp:featuredmedia":[{"embeddable":true,"href":"https:\/\/wristbanditz.com\/de\/wp-json\/wp\/v2\/media\/15645"}],"wp:attachment":[{"href":"https:\/\/wristbanditz.com\/de\/wp-json\/wp\/v2\/media?parent=15617"}],"wp:term":[{"taxonomy":"product_cat","embeddable":true,"href":"https:\/\/wristbanditz.com\/de\/wp-json\/wp\/v2\/product_cat?post=15617"},{"taxonomy":"product_tag","embeddable":true,"href":"https:\/\/wristbanditz.com\/de\/wp-json\/wp\/v2\/product_tag?post=15617"}],"curies":[{"name":"wp","href":"https:\/\/api.w.org\/{rel}","templated":true}]}}